{"id":3144,"date":"2020-12-04T00:06:49","date_gmt":"2020-12-04T08:06:49","guid":{"rendered":"http:\/\/tbc.chhongbi.org\/?page_id=3144"},"modified":"2021-03-21T21:34:18","modified_gmt":"2021-03-22T05:34:18","slug":"%e5%8f%b0%e6%96%87%e9%80%9a%e8%a8%8a%e2%80%a7tai-bun-thong-sin-2","status":"publish","type":"page","link":"https:\/\/tbc.chhongbi.org\/?page_id=3144","title":{"rendered":"\u53f0\u6587\u901a\u8a0a\u2027T\u00e2i-b\u00fbn Thong-s\u00ecn"},"content":{"rendered":"<p>&nbsp;<\/p>\n<p><center>\u53f0\u6587\u901a\u8a0a \u7b2c25~84\u671f<\/center>&nbsp;<\/p>\n<table>\n<tbody>\n<tr>\n<td><a href=\"https:\/\/tbc.chhongbi.org\/?p=1812\"><span style=\"font-size: small;\">25\u671f<\/span><\/a><\/td>\n<td><a href=\"https:\/\/tbc.chhongbi.org\/?p=1814\"><span style=\"font-size: small;\">26\u671f<\/span><\/a><\/td>\n<td><a href=\"https:\/\/tbc.chhongbi.org\/?p=1815\"><span style=\"font-size: small;\">27\u671f<\/span><\/a><\/td>\n<td><a href=\"https:\/\/tbc.chhongbi.org\/?p=1816\"><span style=\"font-size: small;\">28\u671f<\/span><\/a><\/td>\n<td><a href=\"https:\/\/tbc.chhongbi.org\/?p=1817\"><span style=\"font-size: small;\">29\u671f<\/span><\/a><\/td>\n<td><a href=\"https:\/\/tbc.chhongbi.org\/?p=1818\"><span style=\"font-size: small;\">30\u671f<\/span><\/a><\/td>\n<td><a href=\"https:\/\/tbc.chhongbi.org\/?p=1843\"><span style=\"font-size: small;\">31\u671f<\/span><\/a><\/td>\n<td><a href=\"https:\/\/tbc.chhongbi.org\/?p=1844\"><span style=\"font-size: small;\">32\u671f<\/span><\/a><\/td>\n<td><a href=\"https:\/\/tbc.chhongbi.org\/?p=1846\"><span style=\"font-size: small;\">33\u671f<\/span><\/a><\/td>\n<td><a href=\"https:\/\/tbc.chhongbi.org\/?p=1847\"><span style=\"font-size: small;\">34\u671f<\/span><\/a><\/td>\n<\/tr>\n<tr>\n<td><a href=\"https:\/\/tbc.chhongbi.org\/?p=1848\"><span style=\"font-size: small;\">35\u671f<\/span><\/a><\/td>\n<td><a href=\"https:\/\/tbc.chhongbi.org\/?p=1849\"><span style=\"font-size: small;\">36\u671f<\/span><\/a><\/td>\n<td><a href=\"https:\/\/tbc.chhongbi.org\/?p=1851\"><span style=\"font-size: small;\">37\u671f<\/span><\/a><\/td>\n<td><a href=\"https:\/\/tbc.chhongbi.org\/?p=1871\"><span style=\"font-size: small;\">38\u671f<\/span><\/a><\/td>\n<td><a href=\"https:\/\/tbc.chhongbi.org\/?p=1872\"><span style=\"font-size: small;\">39\u671f<\/span><\/a><\/td>\n<td><a href=\"https:\/\/tbc.chhongbi.org\/?p=1873\"><span style=\"font-size: small;\">40\u671f<\/span><\/a><\/td>\n<td><a href=\"https:\/\/tbc.chhongbi.org\/?p=1874\"><span style=\"font-size: small;\">41\u671f<\/span><\/a><\/td>\n<td><a href=\"https:\/\/tbc.chhongbi.org\/?p=1875\"><span style=\"font-size: small;\">42\u671f<\/span><\/a><\/td>\n<td><a href=\"https:\/\/tbc.chhongbi.org\/?p=1877\"><span style=\"font-size: small;\">43\u671f<\/span><\/a><\/td>\n<td><a href=\"https:\/\/tbc.chhongbi.org\/?p=1891\"><span style=\"font-size: small;\">44\u671f<\/span><\/a><\/td>\n<\/tr>\n<tr>\n<td><a href=\"https:\/\/tbc.chhongbi.org\/?p=1892\"><span style=\"font-size: small;\">45\u671f<\/span><\/a><\/td>\n<td><a href=\"https:\/\/tbc.chhongbi.org\/?p=1894\"><span style=\"font-size: small;\">46\u671f<\/span><\/a><\/td>\n<td><a href=\"https:\/\/tbc.chhongbi.org\/?p=1895\"><span style=\"font-size: small;\">47\u671f<\/span><\/a><\/td>\n<td><a href=\"https:\/\/tbc.chhongbi.org\/?p=1896\"><span style=\"font-size: small;\">48\u671f<\/span><\/a><\/td>\n<td><a href=\"https:\/\/tbc.chhongbi.org\/?p=1901\"><span style=\"font-size: small;\">49\u671f<\/span><\/a><\/td>\n<td><a href=\"https:\/\/tbc.chhongbi.org\/?p=1903\"><span style=\"font-size: small;\">50\u671f<\/span><\/a><\/td>\n<td><a href=\"https:\/\/tbc.chhongbi.org\/?p=1904\"><span style=\"font-size: small;\">51\u671f<\/span><\/a><\/td>\n<td><a href=\"https:\/\/tbc.chhongbi.org\/?p=1906\"><span style=\"font-size: small;\">52\u671f<\/span><\/a><\/td>\n<td><a href=\"https:\/\/tbc.chhongbi.org\/?p=1905\"><span style=\"font-size: small;\">53\u671f<\/span><\/a><\/td>\n<td><a href=\"https:\/\/tbc.chhongbi.org\/?p=1907\"><span style=\"font-size: small;\">54\u671f<\/span><\/a><\/td>\n<\/tr>\n<tr>\n<td><a href=\"https:\/\/tbc.chhongbi.org\/?p=1908\"><span style=\"font-size: small;\">55\u671f<\/span><\/a><\/td>\n<td><a href=\"https:\/\/tbc.chhongbi.org\/?p=1935\"><span style=\"font-size: small;\">56\u671f<\/span><\/a><\/td>\n<td><a href=\"https:\/\/tbc.chhongbi.org\/?p=1936\"><span style=\"font-size: small;\">57\u671f<\/span><\/a><\/td>\n<td><a href=\"https:\/\/tbc.chhongbi.org\/?p=1937\"><span style=\"font-size: small;\">58\u671f<\/span><\/a><\/td>\n<td><a href=\"https:\/\/tbc.chhongbi.org\/?p=1938\"><span style=\"font-size: small;\">59\u671f<\/span><\/a><\/td>\n<td><a href=\"https:\/\/tbc.chhongbi.org\/?p=1939\"><span style=\"font-size: small;\">60\u671f<\/span><\/a><\/td>\n<td><a href=\"https:\/\/tbc.chhongbi.org\/?p=1941\"><span style=\"font-size: small;\">61\u671f<\/span><\/a><\/td>\n<td><a href=\"https:\/\/tbc.chhongbi.org\/?p=1942\"><span style=\"font-size: small;\">62\u671f<\/span><\/a><\/td>\n<td><a href=\"https:\/\/tbc.chhongbi.org\/?p=1943\"><span style=\"font-size: small;\">63\u671f<\/span><\/a><\/td>\n<td><a href=\"https:\/\/tbc.chhongbi.org\/?p=1944\"><span style=\"font-size: small;\">64\u671f<\/span><\/a><\/td>\n<\/tr>\n<tr>\n<td><a href=\"https:\/\/tbc.chhongbi.org\/?p=1945\"><span style=\"font-size: small;\">65\u671f<\/span><\/a><\/td>\n<td><a href=\"https:\/\/tbc.chhongbi.org\/?p=1965\"><span style=\"font-size: small;\">66\u671f<\/span><\/a><\/td>\n<td><a href=\"https:\/\/tbc.chhongbi.org\/?p=1967\"><span style=\"font-size: small;\">67\u671f<\/span><\/a><\/td>\n<td><a href=\"https:\/\/tbc.chhongbi.org\/?p=1968\"><span style=\"font-size: small;\">68\u671f<\/span><\/a><\/td>\n<td><a href=\"https:\/\/tbc.chhongbi.org\/?p=1970\"><span style=\"font-size: small;\">69\u671f<\/span><\/a><\/td>\n<td><a href=\"https:\/\/tbc.chhongbi.org\/?p=1971\"><span style=\"font-size: small;\">70\u671f<\/span><\/a><\/td>\n<td><a href=\"https:\/\/tbc.chhongbi.org\/?p=1972\"><span style=\"font-size: small;\">71\u671f<\/span><\/a><\/td>\n<td><a href=\"https:\/\/tbc.chhongbi.org\/?p=1989\"><span style=\"font-size: small;\">72\u671f<\/span><\/a><\/td>\n<td><a href=\"https:\/\/tbc.chhongbi.org\/?p=1990\"><span style=\"font-size: small;\">73\u671f<\/span><\/a><\/td>\n<td><a href=\"https:\/\/tbc.chhongbi.org\/?p=1991\"><span style=\"font-size: small;\">74\u671f<\/span><\/a><\/td>\n<\/tr>\n<tr>\n<td><a href=\"https:\/\/tbc.chhongbi.org\/?p=1992\"><span style=\"font-size: small;\">75\u671f<\/span><\/a><\/td>\n<td><a href=\"https:\/\/tbc.chhongbi.org\/?p=1993\"><span style=\"font-size: small;\">76\u671f<\/span><\/a><\/td>\n<td><a href=\"https:\/\/tbc.chhongbi.org\/?p=1995\"><span style=\"font-size: small;\">77\u671f<\/span><\/a><\/td>\n<td><a href=\"https:\/\/tbc.chhongbi.org\/?p=1996\"><span style=\"font-size: small;\">78\u671f<\/span><\/a><\/td>\n<td><a href=\"https:\/\/tbc.chhongbi.org\/?p=1997\"><span style=\"font-size: small;\">79\u671f<\/span><\/a><\/td>\n<td><a href=\"https:\/\/tbc.chhongbi.org\/?p=1998\"><span style=\"font-size: small;\">80\u671f<\/span><\/a><\/td>\n<td><a href=\"https:\/\/tbc.chhongbi.org\/?p=1999\"><span style=\"font-size: small;\">81\u671f<\/span><\/a><\/td>\n<td><a href=\"https:\/\/tbc.chhongbi.org\/?p=2000\"><span style=\"font-size: small;\">82\u671f<\/span><\/a><\/td>\n<td><a href=\"https:\/\/tbc.chhongbi.org\/?p=1821\"><span style=\"font-size: small;\">83\u671f<\/span><\/a><\/td>\n<td><a href=\"https:\/\/tbc.chhongbi.org\/?p=1822\"><span style=\"font-size: small;\">84\u671f<\/span><\/a><\/td>\n<\/tr>\n<\/tbody>\n<\/table>\n<p>&nbsp;<\/p>\n<p>&nbsp;<\/p>\n<p>&nbsp;<\/p>\n<p><center>\u53f0\u6587\u901a\u8a0a \u7b2c85~142\u671f<\/center>&nbsp;<\/p>\n<table>\n<tbody>\n<tr>\n<td><a href=\"https:\/\/tbc.chhongbi.org\/?p=1823\"><span style=\"font-size: small;\">85\u671f<\/span><\/a><\/td>\n<td><a href=\"https:\/\/tbc.chhongbi.org\/?p=1825\"><span style=\"font-size: small;\">86\u671f<\/span><\/a><\/td>\n<td><a href=\"https:\/\/tbc.chhongbi.org\/?p=1826\"><span style=\"font-size: small;\">87\u671f<\/span><\/a><\/td>\n<td><a href=\"https:\/\/tbc.chhongbi.org\/?p=1833\"><span style=\"font-size: small;\">88\u671f<\/span><\/a><\/td>\n<td><a href=\"https:\/\/tbc.chhongbi.org\/?p=1834\"><span style=\"font-size: small;\">89\u671f<\/span><\/a><\/td>\n<td><a href=\"https:\/\/tbc.chhongbi.org\/?p=1835\"><span style=\"font-size: small;\">90\u671f<\/span><\/a><\/td>\n<td><a href=\"https:\/\/tbc.chhongbi.org\/?p=1836\"><span style=\"font-size: small;\">91\u671f<\/span><\/a><\/td>\n<td><a href=\"https:\/\/tbc.chhongbi.org\/?p=1852\"><span style=\"font-size: small;\">92\u671f<\/span><\/a><\/td>\n<td><a href=\"https:\/\/tbc.chhongbi.org\/?p=1853\"><span style=\"font-size: small;\">93\u671f<\/span><\/a><\/td>\n<td><a href=\"https:\/\/tbc.chhongbi.org\/?p=1854\"><span style=\"font-size: small;\">94\u671f<\/span><\/a><\/td>\n<\/tr>\n<tr>\n<td><a href=\"https:\/\/tbc.chhongbi.org\/?p=1862\"><span style=\"font-size: small;\">95\u671f<\/span><\/a><\/td>\n<td><a href=\"https:\/\/tbc.chhongbi.org\/?p=1863\"><span style=\"font-size: small;\">96\u671f<\/span><\/a><\/td>\n<td><a href=\"https:\/\/tbc.chhongbi.org\/?p=1864\"><span style=\"font-size: small;\">97\u671f<\/span><\/a><\/td>\n<td><a href=\"https:\/\/tbc.chhongbi.org\/?p=1865\"><span style=\"font-size: small;\">98\u671f<\/span><\/a><\/td>\n<td><a href=\"https:\/\/tbc.chhongbi.org\/?p=1883\"><span style=\"font-size: small;\">99\u671f<\/span><\/a><\/td>\n<td><a href=\"https:\/\/tbc.chhongbi.org\/?p=1885\"><span style=\"font-size: small;\">100\u671f<\/span><\/a><\/td>\n<td><a href=\"https:\/\/tbc.chhongbi.org\/?p=1884\"><span style=\"font-size: small;\">101\u671f<\/span><\/a><\/td>\n<td><a href=\"https:\/\/tbc.chhongbi.org\/?p=1898\"><span style=\"font-size: small;\">102\u671f<\/span><\/a><\/td>\n<td><a href=\"https:\/\/tbc.chhongbi.org\/?p=1899\"><span style=\"font-size: small;\">103\u671f<\/span><\/a><\/td>\n<td><a href=\"https:\/\/tbc.chhongbi.org\/?p=1900\"><span style=\"font-size: small;\">104\u671f<\/span><\/a><\/td>\n<\/tr>\n<tr>\n<td><a href=\"https:\/\/tbc.chhongbi.org\/?p=1902\"><span style=\"font-size: small;\">105\u671f<\/span><\/a><\/td>\n<td><a href=\"https:\/\/tbc.chhongbi.org\/?p=1909\"><span style=\"font-size: small;\">106\u671f<\/span><\/a><\/td>\n<td><a href=\"https:\/\/tbc.chhongbi.org\/?p=1910\"><span style=\"font-size: small;\">107\u671f<\/span><\/a><\/td>\n<td><a href=\"https:\/\/tbc.chhongbi.org\/?p=1924\"><span style=\"font-size: small;\">108\u671f<\/span><\/a><\/td>\n<td><a href=\"https:\/\/tbc.chhongbi.org\/?p=1927\"><span style=\"font-size: small;\">109\u671f<\/span><\/a><\/td>\n<td><a href=\"https:\/\/tbc.chhongbi.org\/?p=1926\"><span style=\"font-size: small;\">110\u671f<\/span><\/a><\/td>\n<td><a href=\"https:\/\/tbc.chhongbi.org\/?p=1946\"><span style=\"font-size: small;\">111\u671f<\/span><\/a><\/td>\n<td><a href=\"https:\/\/tbc.chhongbi.org\/?p=1947\"><span style=\"font-size: small;\">112\u671f<\/span><\/a><\/td>\n<td><a href=\"https:\/\/tbc.chhongbi.org\/?p=1948\"><span style=\"font-size: small;\">113\u671f<\/span><\/a><\/td>\n<td><a href=\"https:\/\/tbc.chhongbi.org\/?p=1961\"><span style=\"font-size: small;\">114\u671f<\/span><\/a><\/td>\n<\/tr>\n<tr>\n<td><a href=\"https:\/\/tbc.chhongbi.org\/?p=1962\"><span style=\"font-size: small;\">115\u671f<\/span><\/a><\/td>\n<td><a href=\"https:\/\/tbc.chhongbi.org\/?p=1963\"><span style=\"font-size: small;\">116\u671f<\/span><\/a><\/td>\n<td><a href=\"https:\/\/tbc.chhongbi.org\/?p=1966\"><span style=\"font-size: small;\">117\u671f<\/span><\/a><\/td>\n<td><a href=\"https:\/\/tbc.chhongbi.org\/?p=1982\"><span style=\"font-size: small;\">118\u671f<\/span><\/a><\/td>\n<td><a href=\"https:\/\/tbc.chhongbi.org\/?p=1983\"><span style=\"font-size: small;\">119\u671f<\/span><\/a><\/td>\n<td><a href=\"https:\/\/tbc.chhongbi.org\/?p=1984\"><span style=\"font-size: small;\">120\u671f<\/span><\/a><\/td>\n<td><a href=\"https:\/\/tbc.chhongbi.org\/?p=1986\"><span style=\"font-size: small;\">121\u671f<\/span><\/a><\/td>\n<td><a href=\"https:\/\/tbc.chhongbi.org\/?p=1985\"><span style=\"font-size: small;\">122\u671f<\/span><\/a><\/td>\n<td><a href=\"https:\/\/tbc.chhongbi.org\/?p=2017\"><span style=\"font-size: small;\">123\u671f<\/span><\/a><\/td>\n<td><a href=\"https:\/\/tbc.chhongbi.org\/?p=2018\"><span style=\"font-size: small;\">124\u671f<\/span><\/a><\/td>\n<\/tr>\n<tr>\n<td><a href=\"https:\/\/tbc.chhongbi.org\/?p=2019\"><span style=\"font-size: small;\">125\u671f<\/span><\/a><\/td>\n<td><a href=\"https:\/\/tbc.chhongbi.org\/?p=2023\"><span style=\"font-size: small;\">126\u671f<\/span><\/a><\/td>\n<td><a href=\"https:\/\/tbc.chhongbi.org\/?p=2024\"><span style=\"font-size: small;\">127\u671f<\/span><\/a><\/td>\n<td><a href=\"https:\/\/tbc.chhongbi.org\/?p=2025\"><span style=\"font-size: small;\">128\u671f<\/span><\/a><\/td>\n<td><a href=\"https:\/\/tbc.chhongbi.org\/?p=2029\"><span style=\"font-size: small;\">129\u671f<\/span><\/a><\/td>\n<td><a href=\"https:\/\/tbc.chhongbi.org\/?p=2030\"><span style=\"font-size: small;\">130\u671f<\/span><\/a><\/td>\n<td><a href=\"https:\/\/tbc.chhongbi.org\/?p=2032\"><span style=\"font-size: small;\">131\u671f<\/span><\/a><\/td>\n<td><a href=\"https:\/\/tbc.chhongbi.org\/?p=2031\"><span style=\"font-size: small;\">132\u671f<\/span><\/a><\/td>\n<td><a href=\"https:\/\/tbc.chhongbi.org\/?p=2034\"><span style=\"font-size: small;\">133\u671f<\/span><\/a><\/td>\n<td><a href=\"https:\/\/tbc.chhongbi.org\/?p=2033\"><span style=\"font-size: small;\">134\u671f<\/span><\/a><\/td>\n<\/tr>\n<tr>\n<td><a href=\"https:\/\/tbc.chhongbi.org\/?p=2041\"><span style=\"font-size: small;\">135\u671f<\/span><\/a><\/td>\n<td><a href=\"https:\/\/tbc.chhongbi.org\/?p=2042\"><span style=\"font-size: small;\">136\u671f<\/span><\/a><\/td>\n<td><a href=\"https:\/\/tbc.chhongbi.org\/?p=2043\"><span style=\"font-size: small;\">137\u671f<\/span><\/a><\/td>\n<td><a href=\"https:\/\/tbc.chhongbi.org\/?p=2047\"><span style=\"font-size: small;\">138\u671f<\/span><\/a><\/td>\n<td><a href=\"https:\/\/tbc.chhongbi.org\/?p=2048\"><span style=\"font-size: small;\">139\u671f<\/span><\/a><\/td>\n<td><a href=\"https:\/\/tbc.chhongbi.org\/?p=2051\"><span style=\"font-size: small;\">140\u671f<\/span><\/a><\/td>\n<td><a href=\"https:\/\/tbc.chhongbi.org\/?p=2050\"><span style=\"font-size: small;\">141\u671f<\/span><\/a><\/td>\n<td><a href=\"https:\/\/tbc.chhongbi.org\/?p=2049\"><span style=\"font-size: small;\">142\u671f<\/span><\/a><\/td>\n<\/tr>\n<\/tbody>\n<\/table>\n","protected":false},"excerpt":{"rendered":"<p>&nbsp; \u53f0\u6587\u901a\u8a0a \u7b2c25~84\u671f&nbsp; 25\u671f 26\u671f 27\u671f 28\u671f 29\u671f 30\u671f 31\u671f 32\u671f 33\u671f 34\u671f 35\u671f 36\u671f 37\u671f 38\u671f 39\u671f 40\u671f 41\u671f 42\u671f 43\u671f 44\u671f 45\u671f 46\u671f 47\u671f 48\u671f 49\u671f 50\u671f 51\u671f 52\u671f 53\u671f 54\u671f 55\u671f 56\u671f 57\u671f 58\u671f 59\u671f 60\u671f 61\u671f 62\u671f 63\u671f 64\u671f 65\u671f 66\u671f 67\u671f 68\u671f 69\u671f 70\u671f 71\u671f 72\u671f 73\u671f 74\u671f 75\u671f 76\u671f 77\u671f 78\u671f 79\u671f 80\u671f 81\u671f 82\u671f 83\u671f 84\u671f &nbsp; &nbsp; &nbsp; \u53f0\u6587\u901a\u8a0a \u7b2c85~142\u671f&nbsp; 85\u671f 86\u671f 87\u671f 88\u671f 89\u671f 90\u671f 91\u671f 92\u671f 93\u671f 94\u671f 95\u671f 96\u671f 97\u671f 98\u671f 99\u671f 100\u671f 101\u671f 102\u671f 103\u671f 104\u671f 105\u671f 106\u671f 107\u671f 108\u671f 109\u671f 110\u671f 111\u671f 112\u671f 113\u671f 114\u671f 115\u671f 116\u671f 117\u671f 118\u671f 119\u671f 120\u671f 121\u671f 122\u671f 123\u671f 124\u671f 125\u671f 126\u671f 127\u671f 128\u671f 129\u671f 130\u671f 131\u671f 132\u671f 133\u671f 134\u671f 135\u671f 136\u671f 137\u671f 138\u671f 139\u671f 140\u671f 141\u671f 142\u671f<\/p>\n","protected":false},"author":4,"featured_media":236,"parent":0,"menu_order":0,"comment_status":"closed","ping_status":"closed","template":"","meta":{"rop_custom_images_group":[],"rop_custom_messages_group":[],"rop_publish_now":"initial","rop_publish_now_accounts":[],"rop_publish_now_history":[],"rop_publish_now_status":"pending","footnotes":""},"class_list":["post-3144","page","type-page","status-publish","has-post-thumbnail","hentry"],"wppr_data":{"cwp_meta_box_check":"No"},"_links":{"self":[{"href":"https:\/\/tbc.chhongbi.org\/index.php?rest_route=\/wp\/v2\/pages\/3144","targetHints":{"allow":["GET"]}}],"collection":[{"href":"https:\/\/tbc.chhongbi.org\/index.php?rest_route=\/wp\/v2\/pages"}],"about":[{"href":"https:\/\/tbc.chhongbi.org\/index.php?rest_route=\/wp\/v2\/types\/page"}],"author":[{"embeddable":true,"href":"https:\/\/tbc.chhongbi.org\/index.php?rest_route=\/wp\/v2\/users\/4"}],"replies":[{"embeddable":true,"href":"https:\/\/tbc.chhongbi.org\/index.php?rest_route=%2Fwp%2Fv2%2Fcomments&post=3144"}],"version-history":[{"count":3,"href":"https:\/\/tbc.chhongbi.org\/index.php?rest_route=\/wp\/v2\/pages\/3144\/revisions"}],"predecessor-version":[{"id":3218,"href":"https:\/\/tbc.chhongbi.org\/index.php?rest_route=\/wp\/v2\/pages\/3144\/revisions\/3218"}],"wp:featuredmedia":[{"embeddable":true,"href":"https:\/\/tbc.chhongbi.org\/index.php?rest_route=\/wp\/v2\/media\/236"}],"wp:attachment":[{"href":"https:\/\/tbc.chhongbi.org\/index.php?rest_route=%2Fwp%2Fv2%2Fmedia&parent=3144"}],"curies":[{"name":"wp","href":"https:\/\/api.w.org\/{rel}","templated":true}]}}